{"id":14,"date":"2025-02-03T14:05:42","date_gmt":"2025-02-03T14:05:42","guid":{"rendered":"https:\/\/24timopou.kaomedia.net\/rakennus-mp-proto\/?page_id=14"},"modified":"2025-05-24T17:59:10","modified_gmt":"2025-05-24T17:59:10","slug":"tietoa-meista","status":"publish","type":"page","link":"https:\/\/24timopou.kaomedia.net\/rakennus-mp-proto\/tietoa-meista\/","title":{"rendered":"Tietoa meist\u00e4"},"content":{"rendered":"<p>Tietoa meist\u00e4<\/p>\n<p>&nbsp;<\/p>\n<p>Olemme vuonna 2009 perustettu rakennusliike Etel\u00e4-Pohjanmaalla. Suoritamme eri kokoista rakennustoimintaa p\u00e4\u00e4osin Etel\u00e4-Pohjanmaan alueella, my\u00f6s mahdollisesti muualla Suomessa.<\/p>\n<p>&nbsp;<\/p>\n<p>Kiinnostuitko? Voit olla yhteydess\u00e4 alla oleviin yhteystietoihin:<\/p>\n<p><em><strong>Yhteyshenkil\u00f6: Markku Poutanen<\/strong><\/em><br \/>\n<em><strong>Puhelinnumero: 0400-249896<\/strong><\/em><br \/>\n<em><strong>S\u00e4hk\u00f6posti: rak.m.poutanen@gmail.com<\/strong><\/em><\/p>\n<p>&nbsp;<\/p>\n<p>Voit my\u00f6s ottaa yhteytt\u00e4 yhteydenottolomakkeen avulla!<\/p>\n\n<div class=\"wpcf7 no-js\" id=\"wpcf7-f57-o1\" lang=\"fi\" dir=\"ltr\" data-wpcf7-id=\"57\">\n<div class=\"screen-reader-response\"><p role=\"status\" aria-live=\"polite\" aria-atomic=\"true\"><\/p> <ul><\/ul><\/div>\n<form action=\"\/rakennus-mp-proto\/wp-json\/wp\/v2\/pages\/14#wpcf7-f57-o1\" method=\"post\" class=\"wpcf7-form init\" aria-label=\"Yhteydenottolomake\" novalidate=\"novalidate\" data-status=\"init\">\n<fieldset class=\"hidden-fields-container\"><input type=\"hidden\" name=\"_wpcf7\" value=\"57\" \/><input type=\"hidden\" name=\"_wpcf7_version\" value=\"6.1.5\" \/><input type=\"hidden\" name=\"_wpcf7_locale\" value=\"fi\" \/><input type=\"hidden\" name=\"_wpcf7_unit_tag\" value=\"wpcf7-f57-o1\" \/><input type=\"hidden\" name=\"_wpcf7_container_post\" value=\"0\" \/><input type=\"hidden\" name=\"_wpcf7_posted_data_hash\" value=\"\" \/>\n<\/fieldset>\n<p><label> Nimesi<br \/>\n<span class=\"wpcf7-form-control-wrap\" data-name=\"your-name\"><input size=\"40\" maxlength=\"400\" class=\"wpcf7-form-control wpcf7-text wpcf7-validates-as-required\" autocomplete=\"name\" aria-required=\"true\" aria-invalid=\"false\" value=\"\" type=\"text\" name=\"your-name\" \/><\/span> <\/label>\n<\/p>\n<p><label> S\u00e4hk\u00f6postiosoitteesi<br \/>\n<span class=\"wpcf7-form-control-wrap\" data-name=\"your-email\"><input size=\"40\" maxlength=\"400\" class=\"wpcf7-form-control wpcf7-email wpcf7-validates-as-required wpcf7-text wpcf7-validates-as-email\" autocomplete=\"email\" aria-required=\"true\" aria-invalid=\"false\" value=\"\" type=\"email\" name=\"your-email\" \/><\/span> <\/label>\n<\/p>\n<p><label> Aihe<br \/>\n<span class=\"wpcf7-form-control-wrap\" data-name=\"your-subject\"><input size=\"40\" maxlength=\"400\" class=\"wpcf7-form-control wpcf7-text wpcf7-validates-as-required\" aria-required=\"true\" aria-invalid=\"false\" value=\"\" type=\"text\" name=\"your-subject\" \/><\/span> <\/label>\n<\/p>\n<p><label> Viestisi (valinnainen)<br \/>\n<span class=\"wpcf7-form-control-wrap\" data-name=\"your-message\"><textarea cols=\"40\" rows=\"10\" maxlength=\"2000\" class=\"wpcf7-form-control wpcf7-textarea\" aria-invalid=\"false\" name=\"your-message\"><\/textarea><\/span> <\/label>\n<\/p>\n<p><input class=\"wpcf7-form-control wpcf7-submit has-spinner\" type=\"submit\" value=\"L\u00e4het\u00e4\" \/>\n<\/p><div class=\"wpcf7-response-output\" aria-hidden=\"true\"><\/div>\n<\/form>\n<\/div>\n\n","protected":false},"excerpt":{"rendered":"<p>Tietoa meist\u00e4 &nbsp; Olemme vuonna 2009 perustettu rakennusliike Etel\u00e4-Pohjanmaalla. Suoritamme eri kokoista rakennustoimintaa p\u00e4\u00e4osin Etel\u00e4-Pohjanmaan alueella, my\u00f6s mahdollisesti muualla Suomessa. &nbsp; Kiinnostuitko? Voit olla yhteydess\u00e4&hellip;<\/p>\n","protected":false},"author":1,"featured_media":0,"parent":0,"menu_order":0,"comment_status":"closed","ping_status":"closed","template":"","meta":{"om_disable_all_campaigns":false,"_monsterinsights_skip_tracking":false,"_monsterinsights_sitenote_active":false,"_monsterinsights_sitenote_note":"","_monsterinsights_sitenote_category":0,"footnotes":""},"class_list":["post-14","page","type-page","status-publish","hentry"],"aioseo_notices":[],"_links":{"self":[{"href":"https:\/\/24timopou.kaomedia.net\/rakennus-mp-proto\/wp-json\/wp\/v2\/pages\/14","targetHints":{"allow":["GET"]}}],"collection":[{"href":"https:\/\/24timopou.kaomedia.net\/rakennus-mp-proto\/wp-json\/wp\/v2\/pages"}],"about":[{"href":"https:\/\/24timopou.kaomedia.net\/rakennus-mp-proto\/wp-json\/wp\/v2\/types\/page"}],"author":[{"embeddable":true,"href":"https:\/\/24timopou.kaomedia.net\/rakennus-mp-proto\/wp-json\/wp\/v2\/users\/1"}],"replies":[{"embeddable":true,"href":"https:\/\/24timopou.kaomedia.net\/rakennus-mp-proto\/wp-json\/wp\/v2\/comments?post=14"}],"version-history":[{"count":4,"href":"https:\/\/24timopou.kaomedia.net\/rakennus-mp-proto\/wp-json\/wp\/v2\/pages\/14\/revisions"}],"predecessor-version":[{"id":141,"href":"https:\/\/24timopou.kaomedia.net\/rakennus-mp-proto\/wp-json\/wp\/v2\/pages\/14\/revisions\/141"}],"wp:attachment":[{"href":"https:\/\/24timopou.kaomedia.net\/rakennus-mp-proto\/wp-json\/wp\/v2\/media?parent=14"}],"curies":[{"name":"wp","href":"https:\/\/api.w.org\/{rel}","templated":true}]}}